{"id":489,"date":"2021-12-18T16:59:45","date_gmt":"2021-12-18T15:59:45","guid":{"rendered":"https:\/\/www.ipsraiffeisen.it\/?page_id=489"},"modified":"2021-12-22T15:56:08","modified_gmt":"2021-12-22T14:56:08","slug":"rips","status":"publish","type":"page","link":"https:\/\/www.ipsraiffeisen.it\/it\/rips","title":{"rendered":"RIPS"},"content":{"rendered":"<p><div class=\"fusion-fullwidth fullwidth-box fusion-builder-row-1 fusion-flex-container nonhundred-percent-fullwidth non-hundred-percent-height-scrolling\" style=\"background-color: #ffffff;background-position: center center;background-repeat: no-repeat;border-width: 0px 0px 0px 0px;border-color:#3e3e3e;border-style:solid;\" ><div class=\"fusion-builder-row fusion-row fusion-flex-align-items-flex-start\" style=\"max-width:1326px;margin-left: calc(-2% \/ 2 );margin-right: calc(-2% \/ 2 );\"><div class=\"fusion-layout-column fusion_builder_column fusion-builder-column-0 fusion_builder_column_2_3 2_3 fusion-flex-column\"><div class=\"fusion-column-wrapper fusion-flex-justify-content-flex-start fusion-content-layout-column\" style=\"background-position:left top;background-repeat:no-repeat;-webkit-background-size:cover;-moz-background-size:cover;-o-background-size:cover;background-size:cover;padding: 0px 0px 0px 0px;\"><div class=\"fusion-text fusion-text-1\"><h1>Raiffeisen S\u00fcdtirol IPS<\/h1>\n<\/div><div class=\"fusion-text fusion-text-2\"><p>L&#8217;IPS delle Casse Raiffeisen dell&#8217;Alto Adige \u00e8 il primo sistema di tutela istituzionale in Italia. Il riconoscimento da parte dell&#8217;Autorit\u00e0 di Vigilanza bancaria italiana nel novembre 2020 \u00e8 allo stesso tempo anche un riconoscimento del lavoro prudente e del successo delle Casse Raiffeisen altoatesine nell&#8217;associazione cooperativa Raiffeisen.<br \/>\nCon il sistema di tutela istituzionale (IPS) viene preservata l&#8217;autonomia delle Casse Raiffeisen nelle loro attivit\u00e0 commerciali. In caso di crisi le Casse Raiffeisen sono obbligate a sostenersi a vicenda. La responsabilit\u00e0 reciproca e la costituzione di un fondo di tutela rafforzano ulteriormente la stabilit\u00e0 e la capacit\u00e0 delle Casse Raiffeisen di assorbire i rischi.<\/p>\n<\/div><\/div><style type=\"text\/css\">.fusion-body .fusion-builder-column-0{width:66.666666666667% !important;margin-top : 0px;margin-bottom : 20px;}.fusion-builder-column-0 > .fusion-column-wrapper {padding-top : 0px !important;padding-right : 0px !important;margin-right : 1.47%;padding-bottom : 0px !important;padding-left : 0px !important;margin-left : 1.47%;}@media only screen and (max-width:1024px) {.fusion-body .fusion-builder-column-0{width:66.666666666667% !important;order : 0;}.fusion-builder-column-0 > .fusion-column-wrapper {margin-right : 1.47%;margin-left : 1.47%;}}@media only screen and (max-width:640px) {.fusion-body .fusion-builder-column-0{width:100% !important;order : 0;}.fusion-builder-column-0 > .fusion-column-wrapper {margin-right : 0.98%;margin-left : 0.98%;}}<\/style><\/div><div class=\"fusion-layout-column fusion_builder_column fusion-builder-column-1 fusion_builder_column_1_3 1_3 fusion-flex-column\"><div class=\"fusion-column-wrapper fusion-flex-justify-content-flex-start fusion-content-layout-column\" style=\"background-position:left top;background-repeat:no-repeat;-webkit-background-size:cover;-moz-background-size:cover;-o-background-size:cover;background-size:cover;padding: 0px 0px 0px 0px;\"><div style=\"text-align:center;\"><span class=\" fusion-imageframe imageframe-none imageframe-1 hover-type-none\" style=\"margin-top:20px;margin-right:20px;margin-bottom:20px;margin-left:20px;\"><img decoding=\"async\" width=\"1000\" height=\"1000\" title=\"giebelzeichen hellgrau\" src=\"https:\/\/www.ipsraiffeisen.it\/wp-content\/uploads\/2021\/12\/giebelzeichen-hellgrau-1.png\" class=\"img-responsive wp-image-738 disable-lazyload\" srcset=\"https:\/\/www.ipsraiffeisen.it\/wp-content\/uploads\/2021\/12\/giebelzeichen-hellgrau-1-200x200.png 200w, https:\/\/www.ipsraiffeisen.it\/wp-content\/uploads\/2021\/12\/giebelzeichen-hellgrau-1-400x400.png 400w, https:\/\/www.ipsraiffeisen.it\/wp-content\/uploads\/2021\/12\/giebelzeichen-hellgrau-1-600x600.png 600w, https:\/\/www.ipsraiffeisen.it\/wp-content\/uploads\/2021\/12\/giebelzeichen-hellgrau-1-800x800.png 800w, https:\/\/www.ipsraiffeisen.it\/wp-content\/uploads\/2021\/12\/giebelzeichen-hellgrau-1.png 1000w\" sizes=\"(max-width: 640px) 100vw, 600px\" \/><\/span><\/div><\/div><style type=\"text\/css\">.fusion-body .fusion-builder-column-1{width:33.333333333333% !important;margin-top : 0px;margin-bottom : 20px;}.fusion-builder-column-1 > .fusion-column-wrapper {padding-top : 0px !important;padding-right : 0px !important;margin-right : 2.94%;padding-bottom : 0px !important;padding-left : 0px !important;margin-left : 2.94%;}@media only screen and (max-width:1024px) {.fusion-body .fusion-builder-column-1{width:33.333333333333% !important;order : 0;}.fusion-builder-column-1 > .fusion-column-wrapper {margin-right : 2.94%;margin-left : 2.94%;}}@media only screen and (max-width:640px) {.fusion-body .fusion-builder-column-1{width:100% !important;order : 0;}.fusion-builder-column-1 > .fusion-column-wrapper {margin-right : 0.98%;margin-left : 0.98%;}}<\/style><\/div><\/div><style type=\"text\/css\">.fusion-body .fusion-flex-container.fusion-builder-row-1{ padding-top : 0px;margin-top : 0px;padding-right : 0px;padding-bottom : 0px;margin-bottom : 0px;padding-left : 0px;}<\/style><\/div><div class=\"fusion-fullwidth fullwidth-box fusion-builder-row-2 fusion-flex-container nonhundred-percent-fullwidth non-hundred-percent-height-scrolling\" style=\"background-color: #ffffff;background-position: center center;background-repeat: no-repeat;border-width: 0px 0px 0px 0px;border-color:#3e3e3e;border-style:solid;\" ><div class=\"fusion-builder-row fusion-row fusion-flex-align-items-flex-start\" style=\"max-width:1326px;margin-left: calc(-2% \/ 2 );margin-right: calc(-2% \/ 2 );\"><div class=\"fusion-layout-column fusion_builder_column fusion-builder-column-2 fusion_builder_column_1_1 1_1 fusion-flex-column\"><div class=\"fusion-column-wrapper fusion-flex-justify-content-flex-start fusion-content-layout-column\" style=\"background-position:left top;background-repeat:no-repeat;-webkit-background-size:cover;-moz-background-size:cover;-o-background-size:cover;background-size:cover;padding: 0px 0px 0px 0px;\"><div class=\"fusion-text fusion-text-3\"><h4>Membri del Raiffeisen S\u00fcdtirol IPS:<\/h4>\n<\/div><\/div><style type=\"text\/css\">.fusion-body .fusion-builder-column-2{width:100% !important;margin-top : 0px;margin-bottom : 20px;}.fusion-builder-column-2 > .fusion-column-wrapper {padding-top : 0px !important;padding-right : 0px !important;margin-right : 0.98%;padding-bottom : 0px !important;padding-left : 0px !important;margin-left : 0.98%;}@media only screen and (max-width:1024px) {.fusion-body .fusion-builder-column-2{width:100% !important;order : 0;}.fusion-builder-column-2 > .fusion-column-wrapper {margin-right : 0.98%;margin-left : 0.98%;}}@media only screen and (max-width:640px) {.fusion-body .fusion-builder-column-2{width:100% !important;order : 0;}.fusion-builder-column-2 > .fusion-column-wrapper {margin-right : 0.98%;margin-left : 0.98%;}}<\/style><\/div><div class=\"fusion-layout-column fusion_builder_column fusion-builder-column-3 fusion_builder_column_1_3 1_3 fusion-flex-column\"><div class=\"fusion-column-wrapper fusion-flex-justify-content-flex-start fusion-content-layout-column\" style=\"background-position:left top;background-repeat:no-repeat;-webkit-background-size:cover;-moz-background-size:cover;-o-background-size:cover;background-size:cover;padding: 0px 0px 0px 0px;\"><div class=\"fusion-text fusion-text-4\"><p><a href=\"https:\/\/www.raiffeisen.it\/it\/val-badia.html\" target=\"_blank\" rel=\"noopener\">Cassa Raiffeisen Val Badia<\/a><br \/>\n<a href=\"https:\/\/www.raiffeisen.it\/it\/lagundo.html\" target=\"_blank\" rel=\"noopener\">Cassa Raiffeisen di Lagundo<\/a><br \/>\n<a href=\"https:\/\/www.raiffeisen.it\/it\/cassa-rurale-di-bolzano.html\" target=\"_blank\" rel=\"noopener\">Cassa Rurale di Bolzano<\/a><br \/>\n<a href=\"https:\/\/www.raiffeisen.it\/it\/brunico.html\" target=\"_blank\" rel=\"noopener\">Cassa Raiffeisen di Brunico<\/a><br \/>\n<a href=\"https:\/\/www.raiffeisen.it\/it\/nova-ponente-aldino.html\" target=\"_blank\" rel=\"noopener\">Cassa Raiffeisen di Nova Ponente-Aldino<\/a><br \/>\n<a href=\"https:\/\/www.raiffeisen.it\/it\/della-valle-isarco.html\" target=\"_blank\" rel=\"noopener\">Cassa Raiffeisen della Vall&#8217;Isarco<\/a><br \/>\n<a href=\"https:\/\/www.raiffeisen.it\/it\/etschtal.html\" target=\"_blank\" rel=\"noopener\">Cassa Raiffeisen Etschtal<\/a><br \/>\n<a href=\"https:\/\/www.raiffeisen.it\/it\/campo-di-trens.html\" target=\"_blank\" rel=\"noopener\">Cassa Raiffeisen Campo Di Trens<\/a><br \/>\n<a href=\"https:\/\/www.raiffeisen.it\/it\/gherdeina.html\" target=\"_blank\" rel=\"noopener\">Cassa Raiffeisen Val Gardena<\/a><br \/>\n<a href=\"https:\/\/www.raiffeisen.it\/index.php?id=103&amp;L=0&amp;kid=103&amp;rid=3\" target=\"_blank\" rel=\"noopener\">Cassa Raiffeisen Alta Pusteria<\/a><br \/>\n<a href=\"https:\/\/www.raiffeisen.it\/it\/castelrotto-ortisei.html\" target=\"_blank\" rel=\"noopener\">Cassa Raiffeisen Castelrotto-Ortisei<\/a><br \/>\n<a href=\"https:\/\/www.raiffeisen.it\/it\/lasa.html\" target=\"_blank\" rel=\"noopener\">Cassa Raiffeisen di Lasa<\/a><br \/>\n<a href=\"https:\/\/www.raiffeisen.it\/it\/lana.html\" target=\"_blank\" rel=\"noopener\">Cassa Raiffeisen Lana<\/a><br \/>\n<a href=\"https:\/\/www.raiffeisen.it\/it\/laces.html\" target=\"_blank\" rel=\"noopener\">Cassa Raiffeisen Laces<\/a><\/p>\n<\/div><\/div><style type=\"text\/css\">.fusion-body .fusion-builder-column-3{width:33.333333333333% !important;margin-top : 0px;margin-bottom : 20px;}.fusion-builder-column-3 > .fusion-column-wrapper {padding-top : 0px !important;padding-right : 0px !important;margin-right : 2.94%;padding-bottom : 0px !important;padding-left : 0px !important;margin-left : 2.94%;}@media only screen and (max-width:1024px) {.fusion-body .fusion-builder-column-3{width:33.333333333333% !important;order : 0;}.fusion-builder-column-3 > .fusion-column-wrapper {margin-right : 2.94%;margin-left : 2.94%;}}@media only screen and (max-width:640px) {.fusion-body .fusion-builder-column-3{width:100% !important;order : 0;}.fusion-builder-column-3 > .fusion-column-wrapper {margin-right : 0.98%;margin-left : 0.98%;}}<\/style><\/div><div class=\"fusion-layout-column fusion_builder_column fusion-builder-column-4 fusion_builder_column_1_3 1_3 fusion-flex-column\"><div class=\"fusion-column-wrapper fusion-flex-justify-content-flex-start fusion-content-layout-column\" style=\"background-position:left top;background-repeat:no-repeat;-webkit-background-size:cover;-moz-background-size:cover;-o-background-size:cover;background-size:cover;padding: 0px 0px 0px 0px;\"><div class=\"fusion-text fusion-text-5\"><p><a href=\"https:\/\/www.raiffeisen.it\/it\/marling.html\" target=\"_blank\" rel=\"noopener\">Cassa Raiffeisen di Marlengo<\/a><br \/>\n<a href=\"https:\/\/www.raiffeisen.it\/it\/merano.html\" target=\"_blank\" rel=\"noopener\">Cassa Raiffeisen Merano<\/a><br \/>\n<a href=\"https:\/\/www.raiffeisen.it\/it\/villabassa.html\" target=\"_blank\" rel=\"noopener\">Cassa Raiffeisen Villabassa<\/a><br \/>\n<a href=\"https:\/\/www.raiffeisen.it\/it\/alta-venosta.html\" target=\"_blank\" rel=\"noopener\">Cassa Raiffeisen Alta Venosta<\/a><br \/>\n<a href=\"https:\/\/www.raiffeisen.it\/it\/parcines.html\" target=\"_blank\" rel=\"noopener\">Cassa Raiffeisen di Parcines<\/a><br \/>\n<a href=\"https:\/\/www.raiffeisen.it\/it\/della-val-passiria.html\" target=\"_blank\" rel=\"noopener\">Cassa Raiffeisen della Val Passiria<\/a><br \/>\n<a href=\"https:\/\/www.raiffeisen.it\/it\/prato-tubre.html\" target=\"_blank\" rel=\"noopener\">Cassa Raiffeisen Prato-Tubre<\/a><br \/>\n<a href=\"https:\/\/www.raiffeisen.it\/it\/di-salorno.html\" target=\"_blank\" rel=\"noopener\">Cassa Rurale di Salorno<\/a><br \/>\n<a href=\"https:\/\/www.raiffeisen.it\/it\/sarentino.html\" target=\"_blank\" rel=\"noopener\">Cassa Raiffeisen Val Sarentino<\/a><br \/>\n<a href=\"https:\/\/www.raiffeisen.it\/it\/scena.html\" target=\"_blank\" rel=\"noopener\">Cassa Raiffeisen di Scena<\/a><br \/>\n<a href=\"https:\/\/www.raiffeisen.it\/it\/silandro.html\" target=\"_blank\" rel=\"noopener\">Cassa Raiffeisen Silandro<\/a><br \/>\n<a href=\"https:\/\/www.raiffeisen.it\/it\/schlern-rosengarten.html\" target=\"_blank\" rel=\"noopener\">Cassa Raiffeisen Schlern-Rosengarten<\/a><br \/>\n<a href=\"https:\/\/www.raiffeisen.it\/it\/tures-aurina.html\" target=\"_blank\" rel=\"noopener\">Cassa Raiffeisen Tures-Aurina<\/a><br \/>\n<a href=\"https:\/\/www.raiffeisen.it\/it\/tirolo.html\" target=\"_blank\" rel=\"noopener\">Cassa Raiffeisen Tirolo<\/a><\/p>\n<\/div><\/div><style type=\"text\/css\">.fusion-body .fusion-builder-column-4{width:33.333333333333% !important;margin-top : 0px;margin-bottom : 20px;}.fusion-builder-column-4 > .fusion-column-wrapper {padding-top : 0px !important;padding-right : 0px !important;margin-right : 2.94%;padding-bottom : 0px !important;padding-left : 0px !important;margin-left : 2.94%;}@media only screen and (max-width:1024px) {.fusion-body .fusion-builder-column-4{width:33.333333333333% !important;order : 0;}.fusion-builder-column-4 > .fusion-column-wrapper {margin-right : 2.94%;margin-left : 2.94%;}}@media only screen and (max-width:640px) {.fusion-body .fusion-builder-column-4{width:100% !important;order : 0;}.fusion-builder-column-4 > .fusion-column-wrapper {margin-right : 0.98%;margin-left : 0.98%;}}<\/style><\/div><div class=\"fusion-layout-column fusion_builder_column fusion-builder-column-5 fusion_builder_column_1_3 1_3 fusion-flex-column\"><div class=\"fusion-column-wrapper fusion-flex-justify-content-flex-start fusion-content-layout-column\" style=\"background-position:left top;background-repeat:no-repeat;-webkit-background-size:cover;-moz-background-size:cover;-o-background-size:cover;background-size:cover;padding: 0px 0px 0px 0px;\"><div class=\"fusion-text fusion-text-6\"><p><a href=\"https:\/\/www.raiffeisen.it\/it\/tesimo.html\" target=\"_blank\" rel=\"noopener\">Cassa Raiffeisen di Tesimo<\/a><br \/>\n<a href=\"https:\/\/www.raiffeisen.it\/it\/Dobbiaco.html\" target=\"_blank\" rel=\"noopener\">Cassa Raiffeisen di Dobbiaco<\/a><br \/>\n<a href=\"https:\/\/www.raiffeisen.it\/it\/Oltradige.html\" target=\"_blank\" rel=\"noopener\">Cassa Raiffeisen Oltradige<\/a><br \/>\n<a href=\"https:\/\/www.raiffeisen.it\/it\/Ultimo-S-Pancrazio-Lauregno.html\" target=\"_blank\" rel=\"noopener\">Cassa Raiffeisen Ultimo-S.Pancrazio-Lauregno<\/a><br \/>\n<a href=\"https:\/\/www.raiffeisen.it\/it\/bassa-vallisarco.html\" target=\"_blank\" rel=\"noopener\">Cassa Raiffeisen Bassa Vall&#8217;Isarco<\/a><br \/>\n<a href=\"https:\/\/www.raiffeisen.it\/it\/bassa-atesina.html\" target=\"_blank\" rel=\"noopener\">Cassa Raiffeisen Bassa Atesina<\/a><br \/>\n<a href=\"https:\/\/www.raiffeisen.it\/it\/bassa-venosta.html\" target=\"_blank\" rel=\"noopener\">Cassa Raiffeisen Bassa Venosta<\/a><br \/>\n<a href=\"https:\/\/www.raiffeisen.it\/it\/funes.html\" target=\"_blank\" rel=\"noopener\">Cassa Raiffeisen di Funes<\/a><br \/>\n<a href=\"https:\/\/www.raiffeisen.it\/it\/vandoies.html\" target=\"_blank\" rel=\"noopener\">Cassa Raiffeisen di Vandoies<\/a><br \/>\n<a href=\"https:\/\/www.raiffeisen.it\/it\/monguelfo-casies-tesido.html\" target=\"_blank\" rel=\"noopener\">Cassa Raiffeisen Monguelfo-Casies-Tesido<\/a><br \/>\n<a href=\"https:\/\/www.raiffeisen.it\/it\/wipptal.html\" target=\"_blank\" rel=\"noopener\">Cassa Raiffeisen Wipptal<\/a><br \/>\n<a href=\"https:\/\/www.raiffeisen.it\/it\/cassa-centrale.html\" target=\"_blank\" rel=\"noopener\">Cassa Centrale Raiffeisen dell&#8217;Alto Adige SpA<\/a><br \/>\n<a href=\"https:\/\/www.rk-leasing.it\/it\" target=\"_blank\" rel=\"noopener\">RK Leasing Srl<\/a><\/p>\n<\/div><\/div><style type=\"text\/css\">.fusion-body .fusion-builder-column-5{width:33.333333333333% !important;margin-top : 0px;margin-bottom : 20px;}.fusion-builder-column-5 > .fusion-column-wrapper {padding-top : 0px !important;padding-right : 0px !important;margin-right : 2.94%;padding-bottom : 0px !important;padding-left : 0px !important;margin-left : 2.94%;}@media only screen and (max-width:1024px) {.fusion-body .fusion-builder-column-5{width:33.333333333333% !important;order : 0;}.fusion-builder-column-5 > .fusion-column-wrapper {margin-right : 2.94%;margin-left : 2.94%;}}@media only screen and (max-width:640px) {.fusion-body .fusion-builder-column-5{width:100% !important;order : 0;}.fusion-builder-column-5 > .fusion-column-wrapper {margin-right : 0.98%;margin-left : 0.98%;}}<\/style><\/div><\/div><style type=\"text\/css\">.fusion-body .fusion-flex-container.fusion-builder-row-2{ padding-top : 0px;margin-top : 0px;padding-right : 0px;padding-bottom : 0px;margin-bottom : 0px;padding-left : 0px;}<\/style><\/div><\/p>\n","protected":false},"excerpt":{"rendered":"","protected":false},"author":1,"featured_media":0,"parent":0,"menu_order":0,"comment_status":"closed","ping_status":"closed","template":"","meta":{"footnotes":""},"class_list":["post-489","page","type-page","status-publish","hentry"],"_links":{"self":[{"href":"https:\/\/www.ipsraiffeisen.it\/it\/wp-json\/wp\/v2\/pages\/489","targetHints":{"allow":["GET"]}}],"collection":[{"href":"https:\/\/www.ipsraiffeisen.it\/it\/wp-json\/wp\/v2\/pages"}],"about":[{"href":"https:\/\/www.ipsraiffeisen.it\/it\/wp-json\/wp\/v2\/types\/page"}],"author":[{"embeddable":true,"href":"https:\/\/www.ipsraiffeisen.it\/it\/wp-json\/wp\/v2\/users\/1"}],"replies":[{"embeddable":true,"href":"https:\/\/www.ipsraiffeisen.it\/it\/wp-json\/wp\/v2\/comments?post=489"}],"version-history":[{"count":19,"href":"https:\/\/www.ipsraiffeisen.it\/it\/wp-json\/wp\/v2\/pages\/489\/revisions"}],"predecessor-version":[{"id":767,"href":"https:\/\/www.ipsraiffeisen.it\/it\/wp-json\/wp\/v2\/pages\/489\/revisions\/767"}],"wp:attachment":[{"href":"https:\/\/www.ipsraiffeisen.it\/it\/wp-json\/wp\/v2\/media?parent=489"}],"curies":[{"name":"wp","href":"https:\/\/api.w.org\/{rel}","templated":true}]}}