{"id":495,"date":"2021-12-18T17:00:32","date_gmt":"2021-12-18T16:00:32","guid":{"rendered":"https:\/\/www.ipsraiffeisen.it\/?page_id=495"},"modified":"2021-12-22T09:05:51","modified_gmt":"2021-12-22T08:05:51","slug":"news","status":"publish","type":"page","link":"https:\/\/www.ipsraiffeisen.it\/it\/news","title":{"rendered":"News"},"content":{"rendered":"<div class=\"fusion-fullwidth fullwidth-box fusion-builder-row-1 fusion-flex-container nonhundred-percent-fullwidth non-hundred-percent-height-scrolling\" style=\"background-color: #ffffff;background-position: center center;background-repeat: no-repeat;border-width: 0px 0px 0px 0px;border-color:#3e3e3e;border-style:solid;\" ><div class=\"fusion-builder-row fusion-row fusion-flex-align-items-flex-start\" style=\"max-width:1326px;margin-left: calc(-2% \/ 2 );margin-right: calc(-2% \/ 2 );\"><div class=\"fusion-layout-column fusion_builder_column fusion-builder-column-0 fusion_builder_column_1_1 1_1 fusion-flex-column\"><div class=\"fusion-column-wrapper fusion-flex-justify-content-flex-start fusion-content-layout-column\" style=\"background-position:left top;background-repeat:no-repeat;-webkit-background-size:cover;-moz-background-size:cover;-o-background-size:cover;background-size:cover;padding: 0px 0px 0px 0px;\"><div class=\"fusion-text fusion-text-1\"><h1><span style=\"color: #3c3c3b;\">News<\/span><\/h1>\n<\/div><div class=\"fusion-blog-shortcode fusion-blog-shortcode-1 fusion-blog-archive fusion-blog-layout-grid-wrapper fusion-blog-no fusion-blog-layout-center\"><style type=\"text\/css\">.fusion-blog-shortcode-1 .fusion-blog-layout-grid .fusion-post-grid{padding:10px;}.fusion-blog-shortcode-1 .fusion-posts-container{margin-left: -10px !important; margin-right:-10px !important;}<\/style><div class=\"fusion-posts-container fusion-posts-container-no fusion-no-meta-info fusion-blog-rollover fusion-blog-layout-grid fusion-blog-layout-grid-3 isotope fusion-blog-equal-heights\" data-pages=\"1\" data-grid-col-space=\"20\" style=\"margin: -10px -10px 0;min-height:500px;\"><article id=\"blog-1-post-2421\" class=\"fusion-post-grid post-2421 post type-post status-publish format-standard has-post-thumbnail hentry category-news-it\">\n<div class=\"fusion-post-wrapper\" style=\"background-color:rgba(239,239,239,1);border:none;\">\n\n\t\t\t<div class=\"fusion-flexslider flexslider fusion-flexslider-loading fusion-post-slideshow\" style=\"border-color:rgba(255,255,255,0);\">\n\t\t<ul class=\"slides\">\n\t\t\t\n\t\t\t\t\t\t\t\t\t\t\t\t\t\t<li><div  class=\"fusion-image-wrapper\" aria-haspopup=\"true\">\n\t\t\t\t  <img decoding=\"async\" width=\"2560\" height=\"1707\" src=\"https:\/\/www.ipsraiffeisen.it\/wp-content\/uploads\/2025\/11\/Gruppenfoto_foto-di-gruppo-scaled.jpg\" class=\"attachment-full size-full lazyload wp-post-image\" alt=\"\" srcset=\"data:image\/svg+xml,%3Csvg%20xmlns%3D%27http%3A%2F%2Fwww.w3.org%2F2000%2Fsvg%27%20width%3D%272560%27%20height%3D%271707%27%20viewBox%3D%270%200%202560%201707%27%3E%3Crect%20width%3D%272560%27%20height%3D%271707%27%20fill-opacity%3D%220%22%2F%3E%3C%2Fsvg%3E\" data-orig-src=\"https:\/\/www.ipsraiffeisen.it\/wp-content\/uploads\/2025\/11\/Gruppenfoto_foto-di-gruppo-scaled.jpg\" data-srcset=\"https:\/\/www.ipsraiffeisen.it\/wp-content\/uploads\/2025\/11\/Gruppenfoto_foto-di-gruppo-200x133.jpg 200w, https:\/\/www.ipsraiffeisen.it\/wp-content\/uploads\/2025\/11\/Gruppenfoto_foto-di-gruppo-400x267.jpg 400w, https:\/\/www.ipsraiffeisen.it\/wp-content\/uploads\/2025\/11\/Gruppenfoto_foto-di-gruppo-600x400.jpg 600w, https:\/\/www.ipsraiffeisen.it\/wp-content\/uploads\/2025\/11\/Gruppenfoto_foto-di-gruppo-800x533.jpg 800w, https:\/\/www.ipsraiffeisen.it\/wp-content\/uploads\/2025\/11\/Gruppenfoto_foto-di-gruppo-1200x800.jpg 1200w, https:\/\/www.ipsraiffeisen.it\/wp-content\/uploads\/2025\/11\/Gruppenfoto_foto-di-gruppo-scaled.jpg 2560w\" data-sizes=\"auto\" \/><div class=\"fusion-rollover\">\n\t<div class=\"fusion-rollover-content\">\n\n\t\t\t\t\n\t\t\n\t\t\t\t\t\t\t\t\t\t\t\t<h4 class=\"fusion-rollover-title\">\n\t\t\t\t\t<a class=\"fusion-rollover-title-link\" href=\"https:\/\/www.ipsraiffeisen.it\/it\/2421\">\n\t\t\t\t\t\t\t\t\t\t\t<\/a>\n\t\t\t\t<\/h4>\n\t\t\t\n\t\t\t\t\t\t\t\t\n\t\t\n\t\t\t\t\t\t<a class=\"fusion-link-wrapper\" href=\"https:\/\/www.ipsraiffeisen.it\/it\/2421\" aria-label=\"\"><\/a>\n\t<\/div>\n<\/div>\n<\/div>\n<\/li>\n\t\t\t\n\t\t\t\n\t\t\t\t\t\t\t\t\t\t\t\t\t\t\t\t\t\t\t\t\t\t\t\t\t\t\t\t\t\t\t\t\t\t\t\t\t\t\t\t\t\t\t\t\t\t\t\t\t\t\t\t\t\t\t\t\t\t\t\t\t\t\t\t\t\t\t\t<\/ul>\n\t<\/div>\n\t<div class=\"fusion-post-content-wrapper\" style=\"padding:20px 20px 20px 20px;\"><div class=\"fusion-post-content post-content\"><div class=\"fusion-post-content-container\"><p>5 anni Raiffeisen S\u00fcdtirol IPS: Una pietra miliare per la stabilit\u00e0 e la sicurezza del futuro Fortezza, 14 novembre 2025 [...]<\/p><\/div><\/div><\/div><div class=\"fusion-clearfix\"><\/div><\/div>\n<\/article>\n<article id=\"blog-1-post-2304\" class=\"fusion-post-grid post-2304 post type-post status-publish format-standard has-post-thumbnail hentry category-news-it\">\n<div class=\"fusion-post-wrapper\" style=\"background-color:rgba(239,239,239,1);border:none;\">\n\n\t\t\t<div class=\"fusion-flexslider flexslider fusion-flexslider-loading fusion-post-slideshow\" style=\"border-color:rgba(255,255,255,0);\">\n\t\t<ul class=\"slides\">\n\t\t\t\n\t\t\t\t\t\t\t\t\t\t\t\t\t\t<li><div  class=\"fusion-image-wrapper\" aria-haspopup=\"true\">\n\t\t\t\t  <img decoding=\"async\" width=\"1940\" height=\"1688\" src=\"https:\/\/www.ipsraiffeisen.it\/wp-content\/uploads\/2023\/03\/IPS-ObmannDirektor.jpg\" class=\"attachment-full size-full lazyload wp-post-image\" alt=\"\" srcset=\"data:image\/svg+xml,%3Csvg%20xmlns%3D%27http%3A%2F%2Fwww.w3.org%2F2000%2Fsvg%27%20width%3D%271940%27%20height%3D%271688%27%20viewBox%3D%270%200%201940%201688%27%3E%3Crect%20width%3D%271940%27%20height%3D%271688%27%20fill-opacity%3D%220%22%2F%3E%3C%2Fsvg%3E\" data-orig-src=\"https:\/\/www.ipsraiffeisen.it\/wp-content\/uploads\/2023\/03\/IPS-ObmannDirektor.jpg\" data-srcset=\"https:\/\/www.ipsraiffeisen.it\/wp-content\/uploads\/2023\/03\/IPS-ObmannDirektor-200x174.jpg 200w, https:\/\/www.ipsraiffeisen.it\/wp-content\/uploads\/2023\/03\/IPS-ObmannDirektor-400x348.jpg 400w, https:\/\/www.ipsraiffeisen.it\/wp-content\/uploads\/2023\/03\/IPS-ObmannDirektor-600x522.jpg 600w, https:\/\/www.ipsraiffeisen.it\/wp-content\/uploads\/2023\/03\/IPS-ObmannDirektor-800x696.jpg 800w, https:\/\/www.ipsraiffeisen.it\/wp-content\/uploads\/2023\/03\/IPS-ObmannDirektor-1200x1044.jpg 1200w, https:\/\/www.ipsraiffeisen.it\/wp-content\/uploads\/2023\/03\/IPS-ObmannDirektor.jpg 1940w\" data-sizes=\"auto\" \/><div class=\"fusion-rollover\">\n\t<div class=\"fusion-rollover-content\">\n\n\t\t\t\t\n\t\t\n\t\t\t\t\t\t\t\t\t\t\t\t<h4 class=\"fusion-rollover-title\">\n\t\t\t\t\t<a class=\"fusion-rollover-title-link\" href=\"https:\/\/www.ipsraiffeisen.it\/it\/rapporto-annuale-raiffeisen-suedtirol-ips-2024\">\n\t\t\t\t\t\tRapporto annuale Raiffeisen S\u00fcdtirol IPS 2024\t\t\t\t\t<\/a>\n\t\t\t\t<\/h4>\n\t\t\t\n\t\t\t\t\t\t\t\t\n\t\t\n\t\t\t\t\t\t<a class=\"fusion-link-wrapper\" href=\"https:\/\/www.ipsraiffeisen.it\/it\/rapporto-annuale-raiffeisen-suedtirol-ips-2024\" aria-label=\"Rapporto annuale Raiffeisen S\u00fcdtirol IPS 2024\"><\/a>\n\t<\/div>\n<\/div>\n<\/div>\n<\/li>\n\t\t\t\n\t\t\t\n\t\t\t\t\t\t\t\t\t\t\t\t\t\t\t\t\t\t\t\t\t\t\t\t\t\t\t\t\t\t\t\t\t\t\t\t\t\t\t\t\t\t\t\t\t\t\t\t\t\t\t\t\t\t\t\t\t\t\t\t\t\t\t\t\t\t\t\t<\/ul>\n\t<\/div>\n\t<div class=\"fusion-post-content-wrapper\" style=\"padding:20px 20px 20px 20px;\"><div class=\"fusion-post-content post-content\"><h2 class=\"blog-shortcode-post-title entry-title\">Rapporto annuale Raiffeisen S\u00fcdtirol IPS 2024<\/h2><div class=\"fusion-post-content-container\"><p>Rapporto annuale Raiffeisen S\u00fcdtirol IPS 2024 Il sistema di tutela istituzionale delle Casse Raiffeisen dell'Alto Adige (Raiffeisen IPS) ha recentemente [...]<\/p><\/div><\/div><\/div><div class=\"fusion-clearfix\"><\/div><\/div>\n<\/article>\n<article id=\"blog-1-post-1596\" class=\"fusion-post-grid post-1596 post type-post status-publish format-standard has-post-thumbnail hentry category-news-it\">\n<div class=\"fusion-post-wrapper\" style=\"background-color:rgba(239,239,239,1);border:none;\">\n\n\t\t\t<div class=\"fusion-flexslider flexslider fusion-flexslider-loading fusion-post-slideshow\" style=\"border-color:rgba(255,255,255,0);\">\n\t\t<ul class=\"slides\">\n\t\t\t\n\t\t\t\t\t\t\t\t\t\t\t\t\t\t<li><div  class=\"fusion-image-wrapper\" aria-haspopup=\"true\">\n\t\t\t\t  <img decoding=\"async\" width=\"1386\" height=\"891\" src=\"https:\/\/www.ipsraiffeisen.it\/wp-content\/uploads\/2024\/07\/Bild1.jpg\" class=\"attachment-full size-full lazyload wp-post-image\" alt=\"\" srcset=\"data:image\/svg+xml,%3Csvg%20xmlns%3D%27http%3A%2F%2Fwww.w3.org%2F2000%2Fsvg%27%20width%3D%271386%27%20height%3D%27891%27%20viewBox%3D%270%200%201386%20891%27%3E%3Crect%20width%3D%271386%27%20height%3D%27891%27%20fill-opacity%3D%220%22%2F%3E%3C%2Fsvg%3E\" data-orig-src=\"https:\/\/www.ipsraiffeisen.it\/wp-content\/uploads\/2024\/07\/Bild1.jpg\" data-srcset=\"https:\/\/www.ipsraiffeisen.it\/wp-content\/uploads\/2024\/07\/Bild1-200x129.jpg 200w, https:\/\/www.ipsraiffeisen.it\/wp-content\/uploads\/2024\/07\/Bild1-400x257.jpg 400w, https:\/\/www.ipsraiffeisen.it\/wp-content\/uploads\/2024\/07\/Bild1-600x386.jpg 600w, https:\/\/www.ipsraiffeisen.it\/wp-content\/uploads\/2024\/07\/Bild1-800x514.jpg 800w, https:\/\/www.ipsraiffeisen.it\/wp-content\/uploads\/2024\/07\/Bild1-1200x771.jpg 1200w, https:\/\/www.ipsraiffeisen.it\/wp-content\/uploads\/2024\/07\/Bild1.jpg 1386w\" data-sizes=\"auto\" \/><div class=\"fusion-rollover\">\n\t<div class=\"fusion-rollover-content\">\n\n\t\t\t\t\n\t\t\n\t\t\t\t\t\t\t\t\t\t\t\t<h4 class=\"fusion-rollover-title\">\n\t\t\t\t\t<a class=\"fusion-rollover-title-link\" href=\"https:\/\/www.ipsraiffeisen.it\/it\/rapporto-annuale-raiffeisen-suedtirol-ips-2023\">\n\t\t\t\t\t\tRapporto annuale Raiffeisen S\u00fcdtirol IPS 2023\t\t\t\t\t<\/a>\n\t\t\t\t<\/h4>\n\t\t\t\n\t\t\t\t\t\t\t\t\n\t\t\n\t\t\t\t\t\t<a class=\"fusion-link-wrapper\" href=\"https:\/\/www.ipsraiffeisen.it\/it\/rapporto-annuale-raiffeisen-suedtirol-ips-2023\" aria-label=\"Rapporto annuale Raiffeisen S\u00fcdtirol IPS 2023\"><\/a>\n\t<\/div>\n<\/div>\n<\/div>\n<\/li>\n\t\t\t\n\t\t\t\n\t\t\t\t\t\t\t\t\t\t\t\t\t\t\t\t\t\t\t\t\t\t\t\t\t\t\t\t\t\t\t\t\t\t\t\t\t\t\t\t\t\t\t\t\t\t\t\t\t\t\t\t\t\t\t\t\t\t\t\t\t\t\t\t\t\t\t\t<\/ul>\n\t<\/div>\n\t<div class=\"fusion-post-content-wrapper\" style=\"padding:20px 20px 20px 20px;\"><div class=\"fusion-post-content post-content\"><h2 class=\"blog-shortcode-post-title entry-title\">Rapporto annuale Raiffeisen S\u00fcdtirol IPS 2023<\/h2><div class=\"fusion-post-content-container\"><p>Rapporto annuale Raiffeisen S\u00fcdtirol IPS 2023 Il sistema di tutela istituzionale delle Casse Raiffeisen dell'Alto Adige (Raiffeisen IPS) ha recentemente [...]<\/p><\/div><\/div><\/div><div class=\"fusion-clearfix\"><\/div><\/div>\n<\/article>\n<article id=\"blog-1-post-1554\" class=\"fusion-post-grid post-1554 post type-post status-publish format-standard has-post-thumbnail hentry category-news-it\">\n<div class=\"fusion-post-wrapper\" style=\"background-color:rgba(239,239,239,1);border:none;\">\n\n\t\t\t<div class=\"fusion-flexslider flexslider fusion-flexslider-loading fusion-post-slideshow\" style=\"border-color:rgba(255,255,255,0);\">\n\t\t<ul class=\"slides\">\n\t\t\t\n\t\t\t\t\t\t\t\t\t\t\t\t\t\t<li><div  class=\"fusion-image-wrapper\" aria-haspopup=\"true\">\n\t\t\t\t  <img decoding=\"async\" width=\"2560\" height=\"1707\" src=\"https:\/\/www.ipsraiffeisen.it\/wp-content\/uploads\/2024\/05\/Raiffeisen-IPS-\u00a9ArminHuber_HQ-3411-scaled.jpg\" class=\"attachment-full size-full lazyload wp-post-image\" alt=\"\" srcset=\"data:image\/svg+xml,%3Csvg%20xmlns%3D%27http%3A%2F%2Fwww.w3.org%2F2000%2Fsvg%27%20width%3D%272560%27%20height%3D%271707%27%20viewBox%3D%270%200%202560%201707%27%3E%3Crect%20width%3D%272560%27%20height%3D%271707%27%20fill-opacity%3D%220%22%2F%3E%3C%2Fsvg%3E\" data-orig-src=\"https:\/\/www.ipsraiffeisen.it\/wp-content\/uploads\/2024\/05\/Raiffeisen-IPS-\u00a9ArminHuber_HQ-3411-scaled.jpg\" data-srcset=\"https:\/\/www.ipsraiffeisen.it\/wp-content\/uploads\/2024\/05\/Raiffeisen-IPS-\u00a9ArminHuber_HQ-3411-200x133.jpg 200w, https:\/\/www.ipsraiffeisen.it\/wp-content\/uploads\/2024\/05\/Raiffeisen-IPS-\u00a9ArminHuber_HQ-3411-400x267.jpg 400w, https:\/\/www.ipsraiffeisen.it\/wp-content\/uploads\/2024\/05\/Raiffeisen-IPS-\u00a9ArminHuber_HQ-3411-600x400.jpg 600w, https:\/\/www.ipsraiffeisen.it\/wp-content\/uploads\/2024\/05\/Raiffeisen-IPS-\u00a9ArminHuber_HQ-3411-800x533.jpg 800w, https:\/\/www.ipsraiffeisen.it\/wp-content\/uploads\/2024\/05\/Raiffeisen-IPS-\u00a9ArminHuber_HQ-3411-1200x800.jpg 1200w, https:\/\/www.ipsraiffeisen.it\/wp-content\/uploads\/2024\/05\/Raiffeisen-IPS-\u00a9ArminHuber_HQ-3411-scaled.jpg 2560w\" data-sizes=\"auto\" \/><div class=\"fusion-rollover\">\n\t<div class=\"fusion-rollover-content\">\n\n\t\t\t\t\n\t\t\n\t\t\t\t\t\t\t\t\t\t\t\t<h4 class=\"fusion-rollover-title\">\n\t\t\t\t\t<a class=\"fusion-rollover-title-link\" href=\"https:\/\/www.ipsraiffeisen.it\/it\/assemblea-generale-ips-2024\">\n\t\t\t\t\t\tAssemblea Generale IPS 2024\t\t\t\t\t<\/a>\n\t\t\t\t<\/h4>\n\t\t\t\n\t\t\t\t\t\t\t\t\n\t\t\n\t\t\t\t\t\t<a class=\"fusion-link-wrapper\" href=\"https:\/\/www.ipsraiffeisen.it\/it\/assemblea-generale-ips-2024\" aria-label=\"Assemblea Generale IPS 2024\"><\/a>\n\t<\/div>\n<\/div>\n<\/div>\n<\/li>\n\t\t\t\n\t\t\t\n\t\t\t\t\t\t\t\t\t\t\t\t\t\t\t\t\t\t\t\t\t\t\t\t\t\t\t\t\t\t\t\t\t\t\t\t\t\t\t\t\t\t\t\t\t\t\t\t\t\t\t\t\t\t\t\t\t\t\t\t\t\t\t\t\t\t\t\t<\/ul>\n\t<\/div>\n\t<div class=\"fusion-post-content-wrapper\" style=\"padding:20px 20px 20px 20px;\"><div class=\"fusion-post-content post-content\"><h2 class=\"blog-shortcode-post-title entry-title\">Assemblea Generale IPS 2024<\/h2><div class=\"fusion-post-content-container\"><p> Assemblea Generale IPS 2024 Il 22 aprile si \u00e8 svolta l'Assemblea Generale della Raiffeisen S\u00fcdtirol IPS societ\u00e0 cooperativa. I [...]<\/p><\/div><\/div><\/div><div class=\"fusion-clearfix\"><\/div><\/div>\n<\/article>\n<article id=\"blog-1-post-1444\" class=\"fusion-post-grid post-1444 post type-post status-publish format-standard has-post-thumbnail hentry category-news-it\">\n<div class=\"fusion-post-wrapper\" style=\"background-color:rgba(239,239,239,1);border:none;\">\n\n\t\t\t<div class=\"fusion-flexslider flexslider fusion-flexslider-loading fusion-post-slideshow\" style=\"border-color:rgba(255,255,255,0);\">\n\t\t<ul class=\"slides\">\n\t\t\t\n\t\t\t\t\t\t\t\t\t\t\t\t\t\t<li><div  class=\"fusion-image-wrapper\" aria-haspopup=\"true\">\n\t\t\t\t  <img decoding=\"async\" width=\"886\" height=\"886\" src=\"https:\/\/www.ipsraiffeisen.it\/wp-content\/uploads\/2023\/12\/blue-1283011_1280.jpg\" class=\"attachment-full size-full lazyload wp-post-image\" alt=\"\" srcset=\"data:image\/svg+xml,%3Csvg%20xmlns%3D%27http%3A%2F%2Fwww.w3.org%2F2000%2Fsvg%27%20width%3D%27886%27%20height%3D%27886%27%20viewBox%3D%270%200%20886%20886%27%3E%3Crect%20width%3D%27886%27%20height%3D%27886%27%20fill-opacity%3D%220%22%2F%3E%3C%2Fsvg%3E\" data-orig-src=\"https:\/\/www.ipsraiffeisen.it\/wp-content\/uploads\/2023\/12\/blue-1283011_1280.jpg\" data-srcset=\"https:\/\/www.ipsraiffeisen.it\/wp-content\/uploads\/2023\/12\/blue-1283011_1280-200x200.jpg 200w, https:\/\/www.ipsraiffeisen.it\/wp-content\/uploads\/2023\/12\/blue-1283011_1280-400x400.jpg 400w, https:\/\/www.ipsraiffeisen.it\/wp-content\/uploads\/2023\/12\/blue-1283011_1280-600x600.jpg 600w, https:\/\/www.ipsraiffeisen.it\/wp-content\/uploads\/2023\/12\/blue-1283011_1280-800x800.jpg 800w, https:\/\/www.ipsraiffeisen.it\/wp-content\/uploads\/2023\/12\/blue-1283011_1280.jpg 886w\" data-sizes=\"auto\" \/><div class=\"fusion-rollover\">\n\t<div class=\"fusion-rollover-content\">\n\n\t\t\t\t\n\t\t\n\t\t\t\t\t\t\t\t\t\t\t\t<h4 class=\"fusion-rollover-title\">\n\t\t\t\t\t<a class=\"fusion-rollover-title-link\" href=\"https:\/\/www.ipsraiffeisen.it\/it\/revisione-critica-del-cmdi-framework\">\n\t\t\t\t\t\tRevisione critica del CMDI framework\t\t\t\t\t<\/a>\n\t\t\t\t<\/h4>\n\t\t\t\n\t\t\t\t\t\t\t\t\n\t\t\n\t\t\t\t\t\t<a class=\"fusion-link-wrapper\" href=\"https:\/\/www.ipsraiffeisen.it\/it\/revisione-critica-del-cmdi-framework\" aria-label=\"Revisione critica del CMDI framework\"><\/a>\n\t<\/div>\n<\/div>\n<\/div>\n<\/li>\n\t\t\t\n\t\t\t\n\t\t\t\t\t\t\t\t\t\t\t\t\t\t\t\t\t\t\t\t\t\t\t\t\t\t\t\t\t\t\t\t\t\t\t\t\t\t\t\t\t\t\t\t\t\t\t\t\t\t\t\t\t\t\t\t\t\t\t\t\t\t\t\t\t\t\t\t<\/ul>\n\t<\/div>\n\t<div class=\"fusion-post-content-wrapper\" style=\"padding:20px 20px 20px 20px;\"><div class=\"fusion-post-content post-content\"><h2 class=\"blog-shortcode-post-title entry-title\">Revisione critica del CMDI framework<\/h2><div class=\"fusion-post-content-container\"><p>Revisione critica del CMDI framework sulla gestione delle crisi bancarie e sistemi di garanzia dei depositi: richiesta congiunta dei sistemi [...]<\/p><\/div><\/div><\/div><div class=\"fusion-clearfix\"><\/div><\/div>\n<\/article>\n<article id=\"blog-1-post-1178\" class=\"fusion-post-grid post-1178 post type-post status-publish format-standard has-post-thumbnail hentry category-news-it\">\n<div class=\"fusion-post-wrapper\" style=\"background-color:rgba(239,239,239,1);border:none;\">\n\n\t\t\t<div class=\"fusion-flexslider flexslider fusion-flexslider-loading fusion-post-slideshow\" style=\"border-color:rgba(255,255,255,0);\">\n\t\t<ul class=\"slides\">\n\t\t\t\n\t\t\t\t\t\t\t\t\t\t\t\t\t\t<li><div  class=\"fusion-image-wrapper\" aria-haspopup=\"true\">\n\t\t\t\t  <img decoding=\"async\" width=\"1940\" height=\"1688\" src=\"https:\/\/www.ipsraiffeisen.it\/wp-content\/uploads\/2023\/03\/IPS-ObmannDirektor.jpg\" class=\"attachment-full size-full lazyload wp-post-image\" alt=\"\" srcset=\"data:image\/svg+xml,%3Csvg%20xmlns%3D%27http%3A%2F%2Fwww.w3.org%2F2000%2Fsvg%27%20width%3D%271940%27%20height%3D%271688%27%20viewBox%3D%270%200%201940%201688%27%3E%3Crect%20width%3D%271940%27%20height%3D%271688%27%20fill-opacity%3D%220%22%2F%3E%3C%2Fsvg%3E\" data-orig-src=\"https:\/\/www.ipsraiffeisen.it\/wp-content\/uploads\/2023\/03\/IPS-ObmannDirektor.jpg\" data-srcset=\"https:\/\/www.ipsraiffeisen.it\/wp-content\/uploads\/2023\/03\/IPS-ObmannDirektor-200x174.jpg 200w, https:\/\/www.ipsraiffeisen.it\/wp-content\/uploads\/2023\/03\/IPS-ObmannDirektor-400x348.jpg 400w, https:\/\/www.ipsraiffeisen.it\/wp-content\/uploads\/2023\/03\/IPS-ObmannDirektor-600x522.jpg 600w, https:\/\/www.ipsraiffeisen.it\/wp-content\/uploads\/2023\/03\/IPS-ObmannDirektor-800x696.jpg 800w, https:\/\/www.ipsraiffeisen.it\/wp-content\/uploads\/2023\/03\/IPS-ObmannDirektor-1200x1044.jpg 1200w, https:\/\/www.ipsraiffeisen.it\/wp-content\/uploads\/2023\/03\/IPS-ObmannDirektor.jpg 1940w\" data-sizes=\"auto\" \/><div class=\"fusion-rollover\">\n\t<div class=\"fusion-rollover-content\">\n\n\t\t\t\t\n\t\t\n\t\t\t\t\t\t\t\t\t\t\t\t<h4 class=\"fusion-rollover-title\">\n\t\t\t\t\t<a class=\"fusion-rollover-title-link\" href=\"https:\/\/www.ipsraiffeisen.it\/it\/cambio-al-vertice-della-cooperativa-raiffeisen-suedtirol-ips\">\n\t\t\t\t\t\tCambio al vertice della cooperativa Raiffeisen S\u00fcdtirol IPS\t\t\t\t\t<\/a>\n\t\t\t\t<\/h4>\n\t\t\t\n\t\t\t\t\t\t\t\t\n\t\t\n\t\t\t\t\t\t<a class=\"fusion-link-wrapper\" href=\"https:\/\/www.ipsraiffeisen.it\/it\/cambio-al-vertice-della-cooperativa-raiffeisen-suedtirol-ips\" aria-label=\"Cambio al vertice della cooperativa Raiffeisen S\u00fcdtirol IPS\"><\/a>\n\t<\/div>\n<\/div>\n<\/div>\n<\/li>\n\t\t\t\n\t\t\t\n\t\t\t\t\t\t\t\t\t\t\t\t\t\t\t\t\t\t\t\t\t\t\t\t\t\t\t\t\t\t\t\t\t\t\t\t\t\t\t\t\t\t\t\t\t\t\t\t\t\t\t\t\t\t\t\t\t\t\t\t\t\t\t\t\t\t\t\t<\/ul>\n\t<\/div>\n\t<div class=\"fusion-post-content-wrapper\" style=\"padding:20px 20px 20px 20px;\"><div class=\"fusion-post-content post-content\"><h2 class=\"blog-shortcode-post-title entry-title\">Cambio al vertice della cooperativa Raiffeisen S\u00fcdtirol IPS<\/h2><div class=\"fusion-post-content-container\"><p> Cambio al vertice della cooperativa Raiffeisen S\u00fcdtirol IPS  Da gennaio 2023 RIPS ha un nuovo direttore, Mirco Mauloni. [...]<\/p><\/div><\/div><\/div><div class=\"fusion-clearfix\"><\/div><\/div>\n<\/article>\n<article id=\"blog-1-post-556\" class=\"fusion-post-grid post-556 post type-post status-publish format-standard has-post-thumbnail hentry category-news-it\">\n<div class=\"fusion-post-wrapper\" style=\"background-color:rgba(239,239,239,1);border:none;\">\n\n\t\t\t<div class=\"fusion-flexslider flexslider fusion-flexslider-loading fusion-post-slideshow\" style=\"border-color:rgba(255,255,255,0);\">\n\t\t<ul class=\"slides\">\n\t\t\t\n\t\t\t\t\t\t\t\t\t\t\t\t\t\t<li><div  class=\"fusion-image-wrapper\" aria-haspopup=\"true\">\n\t\t\t\t  <img decoding=\"async\" width=\"608\" height=\"385\" src=\"https:\/\/www.ipsraiffeisen.it\/wp-content\/uploads\/2021\/08\/ips-raiffeisen-news-1.jpg\" class=\"attachment-full size-full lazyload wp-post-image\" alt=\"\" srcset=\"data:image\/svg+xml,%3Csvg%20xmlns%3D%27http%3A%2F%2Fwww.w3.org%2F2000%2Fsvg%27%20width%3D%27608%27%20height%3D%27385%27%20viewBox%3D%270%200%20608%20385%27%3E%3Crect%20width%3D%27608%27%20height%3D%27385%27%20fill-opacity%3D%220%22%2F%3E%3C%2Fsvg%3E\" data-orig-src=\"https:\/\/www.ipsraiffeisen.it\/wp-content\/uploads\/2021\/08\/ips-raiffeisen-news-1.jpg\" data-srcset=\"https:\/\/www.ipsraiffeisen.it\/wp-content\/uploads\/2021\/08\/ips-raiffeisen-news-1-200x127.jpg 200w, https:\/\/www.ipsraiffeisen.it\/wp-content\/uploads\/2021\/08\/ips-raiffeisen-news-1-400x253.jpg 400w, https:\/\/www.ipsraiffeisen.it\/wp-content\/uploads\/2021\/08\/ips-raiffeisen-news-1-600x380.jpg 600w, https:\/\/www.ipsraiffeisen.it\/wp-content\/uploads\/2021\/08\/ips-raiffeisen-news-1.jpg 608w\" data-sizes=\"auto\" \/><div class=\"fusion-rollover\">\n\t<div class=\"fusion-rollover-content\">\n\n\t\t\t\t\n\t\t\n\t\t\t\t\t\t\t\t\t\t\t\t<h4 class=\"fusion-rollover-title\">\n\t\t\t\t\t<a class=\"fusion-rollover-title-link\" href=\"https:\/\/www.ipsraiffeisen.it\/it\/raiffeisen-ips-genehmigt\">\n\t\t\t\t\t\tApprovato IPS Raiffeisen\t\t\t\t\t<\/a>\n\t\t\t\t<\/h4>\n\t\t\t\n\t\t\t\t\t\t\t\t\n\t\t\n\t\t\t\t\t\t<a class=\"fusion-link-wrapper\" href=\"https:\/\/www.ipsraiffeisen.it\/it\/raiffeisen-ips-genehmigt\" aria-label=\"Approvato IPS Raiffeisen\"><\/a>\n\t<\/div>\n<\/div>\n<\/div>\n<\/li>\n\t\t\t\n\t\t\t\n\t\t\t\t\t\t\t\t\t\t\t\t\t\t\t\t\t\t\t\t\t\t\t\t\t\t\t\t\t\t\t\t\t\t\t\t\t\t\t\t\t\t\t\t\t\t\t\t\t\t\t\t\t\t\t\t\t\t\t\t\t\t\t\t\t\t\t\t<\/ul>\n\t<\/div>\n\t<div class=\"fusion-post-content-wrapper\" style=\"padding:20px 20px 20px 20px;\"><div class=\"fusion-post-content post-content\"><h2 class=\"blog-shortcode-post-title entry-title\">Approvato IPS Raiffeisen<\/h2><div class=\"fusion-post-content-container\"><p> Banca d'Italia approva il sistema di tutela istituzionale delle Casse Raiffeisen Il 3 novembre 2020 l'Autorit\u00e0 di Vigilanza bancaria [...]<\/p><\/div><\/div><\/div><div class=\"fusion-clearfix\"><\/div><\/div>\n<\/article>\n<div class=\"fusion-clearfix\"><\/div><\/div><\/div><\/div><style type=\"text\/css\">.fusion-body .fusion-builder-column-0{width:100% !important;margin-top : 0px;margin-bottom : 20px;}.fusion-builder-column-0 > .fusion-column-wrapper {padding-top : 0px !important;padding-right : 0px !important;margin-right : 0.98%;padding-bottom : 0px !important;padding-left : 0px !important;margin-left : 0.98%;}@media only screen and (max-width:1024px) {.fusion-body .fusion-builder-column-0{width:100% !important;order : 0;}.fusion-builder-column-0 > .fusion-column-wrapper {margin-right : 0.98%;margin-left : 0.98%;}}@media only screen and (max-width:640px) {.fusion-body .fusion-builder-column-0{width:100% !important;order : 0;}.fusion-builder-column-0 > .fusion-column-wrapper {margin-right : 0.98%;margin-left : 0.98%;}}<\/style><\/div><\/div><style type=\"text\/css\">.fusion-body .fusion-flex-container.fusion-builder-row-1{ padding-top : 0px;margin-top : 0px;padding-right : 0px;padding-bottom : 0px;margin-bottom : 0px;padding-left : 0px;}<\/style><\/div>\n","protected":false},"excerpt":{"rendered":"","protected":false},"author":1,"featured_media":0,"parent":0,"menu_order":0,"comment_status":"closed","ping_status":"closed","template":"","meta":{"footnotes":""},"class_list":["post-495","page","type-page","status-publish","hentry"],"_links":{"self":[{"href":"https:\/\/www.ipsraiffeisen.it\/it\/wp-json\/wp\/v2\/pages\/495","targetHints":{"allow":["GET"]}}],"collection":[{"href":"https:\/\/www.ipsraiffeisen.it\/it\/wp-json\/wp\/v2\/pages"}],"about":[{"href":"https:\/\/www.ipsraiffeisen.it\/it\/wp-json\/wp\/v2\/types\/page"}],"author":[{"embeddable":true,"href":"https:\/\/www.ipsraiffeisen.it\/it\/wp-json\/wp\/v2\/users\/1"}],"replies":[{"embeddable":true,"href":"https:\/\/www.ipsraiffeisen.it\/it\/wp-json\/wp\/v2\/comments?post=495"}],"version-history":[{"count":4,"href":"https:\/\/www.ipsraiffeisen.it\/it\/wp-json\/wp\/v2\/pages\/495\/revisions"}],"predecessor-version":[{"id":755,"href":"https:\/\/www.ipsraiffeisen.it\/it\/wp-json\/wp\/v2\/pages\/495\/revisions\/755"}],"wp:attachment":[{"href":"https:\/\/www.ipsraiffeisen.it\/it\/wp-json\/wp\/v2\/media?parent=495"}],"curies":[{"name":"wp","href":"https:\/\/api.w.org\/{rel}","templated":true}]}}