{"id":500,"date":"2021-12-18T17:01:31","date_gmt":"2021-12-18T16:01:31","guid":{"rendered":"https:\/\/www.ipsraiffeisen.it\/?page_id=500"},"modified":"2021-12-21T14:53:20","modified_gmt":"2021-12-21T13:53:20","slug":"impressum","status":"publish","type":"page","link":"https:\/\/www.ipsraiffeisen.it\/it\/impressum","title":{"rendered":"Impressum"},"content":{"rendered":"<div class=\"fusion-fullwidth fullwidth-box fusion-builder-row-1 fusion-flex-container nonhundred-percent-fullwidth non-hundred-percent-height-scrolling\" style=\"background-color: #ffffff;background-position: center center;background-repeat: no-repeat;border-width: 0px 0px 0px 0px;border-color:#3e3e3e;border-style:solid;\" ><div class=\"fusion-builder-row fusion-row fusion-flex-align-items-flex-start\" style=\"max-width:1326px;margin-left: calc(-2% \/ 2 );margin-right: calc(-2% \/ 2 );\"><div class=\"fusion-layout-column fusion_builder_column fusion-builder-column-0 fusion_builder_column_1_1 1_1 fusion-flex-column\"><div class=\"fusion-column-wrapper fusion-flex-justify-content-flex-start fusion-content-layout-column\" style=\"background-position:left top;background-repeat:no-repeat;-webkit-background-size:cover;-moz-background-size:cover;-o-background-size:cover;background-size:cover;padding: 0px 0px 0px 0px;\"><div class=\"fusion-text fusion-text-1\"><h1>Propriet\u00e0 del sito<\/h1>\n<\/div><div class=\"fusion-text fusion-text-2\"><p style=\"text-align: left;\"><strong>Raiffeisen S\u00fcdtirol IPS soc. coop.<\/strong><\/p>\n<p style=\"text-align: left;\">via degli Artigiani 29 &#8211; 39100 Bolzano (BZ)<\/p>\n<p>Tel. 0471 1896300<\/p>\n<p>E-Mail: info@ipsraiffeisen.it<\/p>\n<p>PEC: rips@pec.rolmail.net<\/p>\n<p>Part. IVA\/cod. fisc.: 03044180218<\/p>\n<p>Numero iscrizione Registro delle Imprese di Bolzano: 03044180218<\/p>\n<p>Numero REA: BZ &#8211; 227031<\/p>\n<p>cap. sociale: 205.000 euro<\/p>\n<h4><\/h4>\n<h4>Esclusione di responsabilit\u00e0<\/h4>\n<p>RAIFFEISEN S\u00dcDTIROL IPS SOC. COOP. non garantisce per l&#8217;attualit\u00e0, la correttezza, la completezza e la qualit\u00e0 dei contenuti del sito e declina ogni responsabilit\u00e0, nei confronti dell&#8217;utente e di terzi, per involontari danni materiali e ideali derivanti dalla fruizione o non-fruizione di informazioni e servizi offerti sul sito, oppure dalla fruizione di informazioni errate o incomplete.<br \/>\nInoltre, RAIFFEISEN S\u00dcDTIROL IPS SOC. COOP. non risponde di informazioni provenienti da altri siti internet, n\u00e9 di collegamenti e rimandi da essi pubblicati, non attribuibili a dolo o colpa grave.<\/p>\n<\/div><div class=\"fusion-separator fusion-full-width-sep\" style=\"align-self: center;margin-left: auto;margin-right: auto;margin-top:10px;margin-bottom:10px;width:100%;\"><\/div><div class=\"fusion-text fusion-text-3\"><p style=\"text-align: center;\"><strong>CONCEPT | DESIGN | WEB AGENCY<\/strong><\/p>\n<p style=\"text-align: center;\"><a title=\"Agenzia web design e creazione siti web Bolzano Merano Bressanone\" href=\"https:\/\/www.advstudio.it\/?p=373\" target=\"_blank\" rel=\"noopener noreferrer\">ADVstudio.it<\/a> &amp; <a title=\"KONVERTO\" href=\"https:\/\/konverto.eu\" target=\"_blank\" rel=\"noopener noreferrer\">KONVERTO<\/a><\/p>\n<\/div><\/div><style type=\"text\/css\">.fusion-body .fusion-builder-column-0{width:100% !important;margin-top : 0px;margin-bottom : 20px;}.fusion-builder-column-0 > .fusion-column-wrapper {padding-top : 0px !important;padding-right : 0px !important;margin-right : 0.98%;padding-bottom : 0px !important;padding-left : 0px !important;margin-left : 0.98%;}@media only screen and (max-width:1024px) {.fusion-body .fusion-builder-column-0{width:100% !important;}.fusion-builder-column-0 > .fusion-column-wrapper {margin-right : 0.98%;margin-left : 0.98%;}}@media only screen and (max-width:640px) {.fusion-body .fusion-builder-column-0{width:100% !important;}.fusion-builder-column-0 > .fusion-column-wrapper {margin-right : 0.98%;margin-left : 0.98%;}}<\/style><\/div><\/div><style type=\"text\/css\">.fusion-body .fusion-flex-container.fusion-builder-row-1{ padding-top : 0px;margin-top : 0px;padding-right : 0px;padding-bottom : 0px;margin-bottom : 0px;padding-left : 0px;}<\/style><\/div>\n","protected":false},"excerpt":{"rendered":"","protected":false},"author":1,"featured_media":0,"parent":0,"menu_order":0,"comment_status":"closed","ping_status":"closed","template":"","meta":{"footnotes":""},"class_list":["post-500","page","type-page","status-publish","hentry"],"_links":{"self":[{"href":"https:\/\/www.ipsraiffeisen.it\/it\/wp-json\/wp\/v2\/pages\/500","targetHints":{"allow":["GET"]}}],"collection":[{"href":"https:\/\/www.ipsraiffeisen.it\/it\/wp-json\/wp\/v2\/pages"}],"about":[{"href":"https:\/\/www.ipsraiffeisen.it\/it\/wp-json\/wp\/v2\/types\/page"}],"author":[{"embeddable":true,"href":"https:\/\/www.ipsraiffeisen.it\/it\/wp-json\/wp\/v2\/users\/1"}],"replies":[{"embeddable":true,"href":"https:\/\/www.ipsraiffeisen.it\/it\/wp-json\/wp\/v2\/comments?post=500"}],"version-history":[{"count":7,"href":"https:\/\/www.ipsraiffeisen.it\/it\/wp-json\/wp\/v2\/pages\/500\/revisions"}],"predecessor-version":[{"id":707,"href":"https:\/\/www.ipsraiffeisen.it\/it\/wp-json\/wp\/v2\/pages\/500\/revisions\/707"}],"wp:attachment":[{"href":"https:\/\/www.ipsraiffeisen.it\/it\/wp-json\/wp\/v2\/media?parent=500"}],"curies":[{"name":"wp","href":"https:\/\/api.w.org\/{rel}","templated":true}]}}